{"id":461,"date":"2022-04-11T07:50:50","date_gmt":"2022-04-11T07:50:50","guid":{"rendered":"https:\/\/danceandmorecuracao.net\/site3\/?page_id=461"},"modified":"2025-11-18T12:54:17","modified_gmt":"2025-11-18T12:54:17","slug":"productions","status":"publish","type":"page","link":"https:\/\/danceandmorecuracao.net\/site3\/about-us\/productions\/","title":{"rendered":"Productions"},"content":{"rendered":"\t\t<div data-elementor-type=\"wp-page\" data-elementor-id=\"461\" class=\"elementor elementor-461\" data-elementor-post-type=\"page\">\n\t\t\t\t\t\t<section class=\"elementor-section elementor-top-section elementor-element elementor-element-e3d19c4 elementor-section-boxed elementor-section-height-default elementor-section-height-default\" data-id=\"e3d19c4\" data-element_type=\"section\" data-settings=\"{&quot;background_background&quot;:&quot;classic&quot;}\">\n\t\t\t\t\t\t<div class=\"elementor-container elementor-column-gap-default\">\n\t\t\t\t\t<div class=\"elementor-column elementor-col-100 elementor-top-column elementor-element elementor-element-4fd04e7\" data-id=\"4fd04e7\" data-element_type=\"column\">\n\t\t\t<div class=\"elementor-widget-wrap elementor-element-populated\">\n\t\t\t\t\t\t<div class=\"elementor-element elementor-element-536cf0b elementor-widget elementor-widget-heading\" data-id=\"536cf0b\" data-element_type=\"widget\" data-widget_type=\"heading.default\">\n\t\t\t\t<div class=\"elementor-widget-container\">\n\t\t\t\t\t<h2 class=\"elementor-heading-title elementor-size-default\">productions<\/h2>\t\t\t\t<\/div>\n\t\t\t\t<\/div>\n\t\t\t\t<div class=\"elementor-element elementor-element-4671cc5 elementor-widget elementor-widget-spacer\" data-id=\"4671cc5\" data-element_type=\"widget\" data-widget_type=\"spacer.default\">\n\t\t\t\t<div class=\"elementor-widget-container\">\n\t\t\t\t\t\t\t<div class=\"elementor-spacer\">\n\t\t\t<div class=\"elementor-spacer-inner\"><\/div>\n\t\t<\/div>\n\t\t\t\t\t\t<\/div>\n\t\t\t\t<\/div>\n\t\t\t\t<div class=\"elementor-element elementor-element-db37210 elementor-widget elementor-widget-text-editor\" data-id=\"db37210\" data-element_type=\"widget\" data-widget_type=\"text-editor.default\">\n\t\t\t\t<div class=\"elementor-widget-container\">\n\t\t\t\t\t\t\t\t\t<p style=\"text-align: center;\">Fina Dance Art School, Simia Dance Company (former BKK) and Projects<\/p>\t\t\t\t\t\t\t\t<\/div>\n\t\t\t\t<\/div>\n\t\t\t\t\t<\/div>\n\t\t<\/div>\n\t\t\t\t\t<\/div>\n\t\t<\/section>\n\t\t\t\t<section class=\"elementor-section elementor-top-section elementor-element elementor-element-9728559 elementor-section-full_width elementor-section-height-default elementor-section-height-default\" data-id=\"9728559\" data-element_type=\"section\" data-settings=\"{&quot;shape_divider_top&quot;:&quot;mountains&quot;}\">\n\t\t\t\t\t<div class=\"elementor-shape elementor-shape-top\" aria-hidden=\"true\" data-negative=\"false\">\n\t\t\t<svg xmlns=\"http:\/\/www.w3.org\/2000\/svg\" viewBox=\"0 0 1000 100\" preserveAspectRatio=\"none\">\n\t<path class=\"elementor-shape-fill\" opacity=\"0.33\" d=\"M473,67.3c-203.9,88.3-263.1-34-320.3,0C66,119.1,0,59.7,0,59.7V0h1000v59.7 c0,0-62.1,26.1-94.9,29.3c-32.8,3.3-62.8-12.3-75.8-22.1C806,49.6,745.3,8.7,694.9,4.7S492.4,59,473,67.3z\"\/>\n\t<path class=\"elementor-shape-fill\" opacity=\"0.66\" d=\"M734,67.3c-45.5,0-77.2-23.2-129.1-39.1c-28.6-8.7-150.3-10.1-254,39.1 s-91.7-34.4-149.2,0C115.7,118.3,0,39.8,0,39.8V0h1000v36.5c0,0-28.2-18.5-92.1-18.5C810.2,18.1,775.7,67.3,734,67.3z\"\/>\n\t<path class=\"elementor-shape-fill\" d=\"M766.1,28.9c-200-57.5-266,65.5-395.1,19.5C242,1.8,242,5.4,184.8,20.6C128,35.8,132.3,44.9,89.9,52.5C28.6,63.7,0,0,0,0 h1000c0,0-9.9,40.9-83.6,48.1S829.6,47,766.1,28.9z\"\/>\n<\/svg>\t\t<\/div>\n\t\t\t\t\t<div class=\"elementor-container elementor-column-gap-default\">\n\t\t\t\t\t<div class=\"elementor-column elementor-col-100 elementor-top-column elementor-element elementor-element-ca54fbd\" data-id=\"ca54fbd\" data-element_type=\"column\">\n\t\t\t<div class=\"elementor-widget-wrap\">\n\t\t\t\t\t\t\t<\/div>\n\t\t<\/div>\n\t\t\t\t\t<\/div>\n\t\t<\/section>\n\t\t\t\t<section class=\"elementor-section elementor-top-section elementor-element elementor-element-ddbcda7 elementor-section-full_width elementor-section-height-default elementor-section-height-default\" data-id=\"ddbcda7\" data-element_type=\"section\">\n\t\t\t\t\t\t<div class=\"elementor-container elementor-column-gap-default\">\n\t\t\t\t\t<div class=\"elementor-column elementor-col-100 elementor-top-column elementor-element elementor-element-561f3b2\" data-id=\"561f3b2\" data-element_type=\"column\">\n\t\t\t<div class=\"elementor-widget-wrap elementor-element-populated\">\n\t\t\t\t\t\t<div class=\"elementor-element elementor-element-8ba08d6 elementor-tabs-alignment-center elementor-tabs-view-horizontal elementor-widget elementor-widget-tabs\" data-id=\"8ba08d6\" data-element_type=\"widget\" data-widget_type=\"tabs.default\">\n\t\t\t\t<div class=\"elementor-widget-container\">\n\t\t\t\t\t\t\t<div class=\"elementor-tabs\">\n\t\t\t<div class=\"elementor-tabs-wrapper\" role=\"tablist\" >\n\t\t\t\t\t\t\t\t\t<div id=\"elementor-tab-title-1461\" class=\"elementor-tab-title elementor-tab-desktop-title\" aria-selected=\"true\" data-tab=\"1\" role=\"tab\" tabindex=\"0\" aria-controls=\"elementor-tab-content-1461\" aria-expanded=\"false\">Musicals<\/div>\n\t\t\t\t\t\t\t\t\t<div id=\"elementor-tab-title-1462\" class=\"elementor-tab-title elementor-tab-desktop-title\" aria-selected=\"false\" data-tab=\"2\" role=\"tab\" tabindex=\"-1\" aria-controls=\"elementor-tab-content-1462\" aria-expanded=\"false\">Performances<\/div>\n\t\t\t\t\t\t\t\t\t<div id=\"elementor-tab-title-1463\" class=\"elementor-tab-title elementor-tab-desktop-title\" aria-selected=\"false\" data-tab=\"3\" role=\"tab\" tabindex=\"-1\" aria-controls=\"elementor-tab-content-1463\" aria-expanded=\"false\">Collaborations & more<\/div>\n\t\t\t\t\t\t\t<\/div>\n\t\t\t<div class=\"elementor-tabs-content-wrapper\" role=\"tablist\" aria-orientation=\"vertical\">\n\t\t\t\t\t\t\t\t\t<div class=\"elementor-tab-title elementor-tab-mobile-title\" aria-selected=\"true\" data-tab=\"1\" role=\"tab\" tabindex=\"0\" aria-controls=\"elementor-tab-content-1461\" aria-expanded=\"false\">Musicals<\/div>\n\t\t\t\t\t<div id=\"elementor-tab-content-1461\" class=\"elementor-tab-content elementor-clearfix\" data-tab=\"1\" role=\"tabpanel\" aria-labelledby=\"elementor-tab-title-1461\" tabindex=\"0\" hidden=\"false\"><h4>Musicals<\/h4>\n<table width=\"907\">\n<tbody>\n<tr>\n<td width=\"87\"><b>YEAR<\/b><\/td>\n<td width=\"307\"><b>NAME OF EVENT<\/b><\/td>\n<td width=\"261\"><b>TYPE<\/b><\/td>\n<td width=\"252\"><b>PARTICIPANTS<\/b><\/td>\n<\/tr>\n<tr>\n<td>2005<\/td>\n<td>Chabelita<\/td>\n<td>Musical, Papiamentu<\/td>\n<td>All Students<\/td>\n<\/tr>\n<tr>\n<td>1998<\/td>\n<td>E Baranka Ku Ta Swin<\/td>\n<td>Musical, Dutch \u2013 Papiamentu<\/td>\n<td>All Students<\/td>\n<\/tr>\n<tr>\n<td>1995<\/td>\n<td>Shon Rei Leon<\/td>\n<td>Musical, Papiamentu<\/td>\n<td>All Students<\/td>\n<\/tr>\n<tr>\n<td>1991<\/td>\n<td>K\u00f2rsou den Foko<\/td>\n<td>Musical, Papiamentu<\/td>\n<td>All Students<\/td>\n<\/tr>\n<tr>\n<td>1989<\/td>\n<td>E Mago di Oz<\/td>\n<td>Musical, Papiamentu<\/td>\n<td>All Students<\/td>\n<\/tr>\n<tr>\n<td>1987<\/td>\n<td>Mary i su 2 pidasitu<\/td>\n<td>Musical, Papiamentu<\/td>\n<td>All Students<\/td>\n<\/tr>\n<\/tbody>\n<\/table><\/div>\n\t\t\t\t\t\t\t\t\t<div class=\"elementor-tab-title elementor-tab-mobile-title\" aria-selected=\"false\" data-tab=\"2\" role=\"tab\" tabindex=\"-1\" aria-controls=\"elementor-tab-content-1462\" aria-expanded=\"false\">Performances<\/div>\n\t\t\t\t\t<div id=\"elementor-tab-content-1462\" class=\"elementor-tab-content elementor-clearfix\" data-tab=\"2\" role=\"tabpanel\" aria-labelledby=\"elementor-tab-title-1462\" tabindex=\"0\" hidden=\"hidden\"><h4 class=\"vc_custom_heading\">Our Performances<\/h4><table width=\"907\"><tbody><tr><td width=\"87\"><strong>YEAR<\/strong><\/td><td width=\"307\"><strong>NAME OF EVENT<\/strong><\/td><td width=\"261\"><strong>TYPE<\/strong><\/td><td width=\"252\"><strong>PARTICIPANTS<\/strong><\/td><\/tr><tr><td>2019<\/td><td>ROSEA<\/td><td>Dance \/ Theatre\u00a0 performance<\/td><td>All students<\/td><\/tr><tr><td>2018<\/td><td>Conversations<\/td><td>Dance\u00a0 performance<\/td><td>Simia and preparatory School<\/td><\/tr><tr><td>2017<\/td><td>Speransa<\/td><td>Dance \/ Theatre performance<\/td><td>All students<\/td><\/tr><tr><td>2016<\/td><td>Waves of Energy<\/td><td>Dance \u00a0performance<\/td><td>Simia and preparatory school<\/td><\/tr><tr><td>2015<\/td><td>Cura\u00e7ao, a Melting Pot<\/td><td>Dance \/ Theatre performance<\/td><td>All students<\/td><\/tr><tr><td>2014<\/td><td>RISE, Tesoro D\u00e9skubr\u00ed<\/td><td>Dance \/ Theatre performance<\/td><td>Simia and Community kids<\/td><\/tr><tr><td>2013<\/td><td>HERACLES<\/td><td>Dance \/ Theatre performance<\/td><td>All Students<\/td><\/tr><tr><td>2012<\/td><td>Un dia Tabata tin<\/td><td>Dance performance<\/td><td>SIMIA and preparatory school<\/td><\/tr><tr><td>2011<\/td><td>Dancescape 11: \u201cSpeaking Clearly\u201d<\/td><td>Dance \/ Theatre\u00a0performance<\/td><td>SIMIA &amp; Special Guests<\/td><\/tr><tr><td>2011<\/td><td>Dancescape 10: \u201cFlor\u2019i Luna\u201d<\/td><td>Dance \/ Theatre performance<\/td><td>All Students<\/td><\/tr><tr><td>2010<\/td><td>Dancescape 9: \u201cBria\u201d<\/td><td>Dance performance<\/td><td>SIMIA and\u00a0preparatory school<\/td><\/tr><tr><td>2009<\/td><td>Dancescape 8: \u201cChabelita Super Heroe\u201d<\/td><td>Dance \/ Theatre performance<\/td><td>All Students<\/td><\/tr><tr><td>2008<\/td><td>Dancescape 7: \u201cLemante\u201d<\/td><td>Dance \/ Theatre performance<\/td><td>SIMIA and\u00a0preparatory school<\/td><\/tr><tr><td>2007<\/td><td>Dancescape 6: \u201cE karta di Amor\u201d<\/td><td>Dance \/ Theatre performance<\/td><td>All Students<\/td><\/tr><tr><td>2006<\/td><td>Dancescape 5: \u201cMove on\u201d<\/td><td>Dance\u00a0performance<\/td><td>SIMIA and\u00a0preparatory school<\/td><\/tr><tr><td>2005<\/td><td>Dancescape 4: \u201cThe magic of\u2026\u201d<\/td><td>Dance performance<\/td><td>All Students<\/td><\/tr><tr><td>2004<\/td><td>Dancescape 3: \u201cA year in review\u201d<\/td><td>Dance\u00a0performance<\/td><td>All Students<\/td><\/tr><tr><td>2003<\/td><td>Dancescape 2<\/td><td>Dance\u00a0performance<\/td><td>BKK and selected students<\/td><\/tr><tr><td>2002<\/td><td>Abeltje<\/td><td>Dance \/ Theatre performance<\/td><td>All students<\/td><\/tr><tr><td>2000<\/td><td>6 Pilaren<\/td><td>Dance \/ Theatre performance<\/td><td>All students<\/td><\/tr><tr><td>1999<\/td><td>Dancescape 1<\/td><td>Dance\u00a0performance<\/td><td>BKK and selected students<\/td><\/tr><tr><td>1994<\/td><td>10 A\u00d1A BKK (anniversary)<\/td><td>Dance\u00a0performance<\/td><td>BKK and ex-BKK professionals<\/td><\/tr><tr><td>1993<\/td><td>Christmas comes Alive<\/td><td>Dance\u00a0performance<\/td><td>All Students<\/td><\/tr><tr><td>1992<\/td><td>I t\u2019Asina mes<\/td><td>Dance\u00a0performance<\/td><td>All Students<\/td><\/tr><\/tbody><\/table><\/div>\n\t\t\t\t\t\t\t\t\t<div class=\"elementor-tab-title elementor-tab-mobile-title\" aria-selected=\"false\" data-tab=\"3\" role=\"tab\" tabindex=\"-1\" aria-controls=\"elementor-tab-content-1463\" aria-expanded=\"false\">Collaborations & more<\/div>\n\t\t\t\t\t<div id=\"elementor-tab-content-1463\" class=\"elementor-tab-content elementor-clearfix\" data-tab=\"3\" role=\"tabpanel\" aria-labelledby=\"elementor-tab-title-1463\" tabindex=\"0\" hidden=\"hidden\"><h4>Our Collaborations &amp; More<\/h4><table width=\"1940\"><tbody><tr><td width=\"5%\"><b>YEAR<\/b><\/td><td width=\"16%\"><b>EVENT<\/b><\/td><td width=\"16%\"><b>TYPE<\/b><\/td><td width=\"16%\"><b>PARTICIPANTS<\/b><\/td><td width=\"16%\"><b>COLLABORATORS<\/b><\/td><td width=\"16%\"><b>VENUE<\/b><\/td><\/tr><tr><td>Okt-17<\/td><td>ART MATTERS, how to deal with teenage challenges<\/td><td>Vacation\/community project<\/td><td>Kids ages 11-14 yrs<\/td><td>D&amp;M,\u00a0Edgar Palm school of music and ArtEz<\/td><td>FinaDanceArtSchool<\/td><\/tr><tr><td>Dec-16<\/td><td>MCB 100 yrs celebration<\/td><td>Dance performance by invitation<\/td><td>SIMIA and preparatory school<\/td><td>D&amp;M,\u00a0MCB<\/td><td>Riffort Village\u00a0at Otrobanda<\/td><\/tr><tr><td>Jul-16<\/td><td>Lombrishi<\/td><td>Community project<\/td><td>Kids from B\u00e1ndabou &amp; B\u00e1ndariba<\/td><td>D&amp;M, ArtEZ Bachelor University of dance<\/td><td>Community centres of B\u00e1ndabou &amp; B\u00e1ndariba<\/td><\/tr><tr><td>Jul-15<\/td><td>ARTS Camp<\/td><td>Workshops<\/td><td>Kids ages 8 &amp; up<\/td><td>Fidas, ArtEz Univ of Theatre and dance<\/td><td>FinaDanceArtSchool<\/td><\/tr><tr><td>Jul-15<\/td><td>Imaginabo<\/td><td>Community Project<\/td><td>Kids from B\u00e1ndabou<\/td><td>D&amp;M, ArtEz Univ. of theatre and dance<\/td><td>Community centre at Barber<\/td><\/tr><tr><td>Jan-15<\/td><td>Laleget Performance<\/td><td>Dance performance by\u00a0invitation\/audition<\/td><td>Selected dancers from Simia<\/td><td>Organized by Laleget for Cura\u00e7ao dancers<\/td><td>Teatro Luna Blou<\/td><\/tr><tr><td>Oct-14<br \/>Mar-15<\/td><td>Dance classes<\/td><td>Community project<\/td><td>Kids from B\u00e1ndabou<\/td><td>Dance and More Foundation<\/td><td>Community centre \u00a0at T\u00e9ra K\u00f3ra<\/td><\/tr><tr><td>Oct-14<\/td><td>Revolution of Cura\u00e7ao kids<\/td><td>Final presentation of internship Xichela L.<\/td><td>Simia and B\u00e1ndabou kids<\/td><td>D&amp;M, Xichela Liberia<\/td><td>La Tentashon<\/td><\/tr><tr><td>Apr-14<\/td><td>RISE, Tesoro Deskubr\u00ed<\/td><td>Community Project<\/td><td>Kids from B\u00e1ndabou and Simia dancers<\/td><td>D&amp;M, DCVP:Faizah Grootens &amp; Junadry Leocadia<\/td><td>Community Centre T\u00e9ra K\u00f3rra<\/td><\/tr><tr><td>Nov-13<\/td><td>Simia goes B\u00e1ndabou<\/td><td>Dance performance and workshops<\/td><td>Simia Dance Company<\/td><td>D&amp;M, Community centres<\/td><td>B\u00e1ndabou Community Centres<\/td><\/tr><tr><td>May-12<\/td><td>Winner Cola de Brot Award<\/td><td>Presentation of award to mrs Ferreira<\/td><td>\u00a0<\/td><td>\u00a0<\/td><td>Teatro Luna Blou<\/td><\/tr><tr><td>Jan-08<\/td><td>UZIMA<\/td><td>Dancetheatre peformance<\/td><td>Professional dancers from Cura\u00e7ao and abroad<\/td><td>D&amp;M, Sticht Dansconnectie and TLB<\/td><td>La Tentashon<\/td><\/tr><tr><td>Mar-04<\/td><td>PAX PACIS<\/td><td>Dancetheatre peformance<\/td><td>Professional dancers from Cura\u00e7ao and abroad<\/td><td>D&amp;M, TLB, Alydia Wever from Aruba<\/td><td>Teatro Luna Blou<\/td><\/tr><tr><td>Apr-03<\/td><td>Mamparia Cutu<\/td><td>Dancetheatre peformance<\/td><td>Balet Kontemporaneo di K\u00f3rsou, Elshout&amp;H\u00e4ndler, TLB<\/td><td>D&amp;M, Elshout&amp;H\u00e4ndler, TLB<\/td><td>Teatro Luna Blou<\/td><\/tr><tr><td>Jun-01<\/td><td>MERGE<\/td><td>Benefit perfromance for Centro Pro Arte<\/td><td>Balet Kontemporaneo di K\u00f3rsou and different local artists<\/td><td>D&amp;M, CPA and local artists<\/td><td>Centro Pro Arte<\/td><\/tr><tr><td>Dec-01<\/td><td>ART exposition of artist Philippe Zanolino<\/td><td>Dance presentation at the opening of the exposition<\/td><td>B\u00e1let Kontemporaneo di K\u00f3rsou<\/td><td>D&amp;M and artist Philippe Zanolino<\/td><td>Villa Maria<\/td><\/tr><tr><td>Dec-00<\/td><td>Mainta Kultural<\/td><td>Dance\u00a0and Music performance<\/td><td>B\u00e1let Kontemporaneo di K\u00f3rsou and Muziekacademie Edgar Palm<\/td><td>D&amp;M and muziekacademie Edgar Palm<\/td><td>Cultureel Centrum Cura\u00e7ao<\/td><\/tr><tr><td>Dec-01<\/td><td>ART exposition of artist Philippe Zanolino<\/td><td>Dance presentation at the opening of the exposition<\/td><td>B\u00e1let Kontemporaneo di K\u00f3rsou<\/td><td>D&amp;M and artist Philippe Zanolino<\/td><td>Villa Maria<\/td><\/tr><tr><td>Jul-99<\/td><td>ARTS Camp<\/td><td>Workshops dance, drama, poetry, music, lights and theatre make-up<\/td><td>Kids ages 8-18 yrs<\/td><td>D&amp;M and Centro Pro Arte<\/td><td>FinaDanceArtSchool &amp; Centro Pro Arte<\/td><\/tr><tr><td>Mar-99<\/td><td colspan=\"5\">MOVING to Goisco Building<\/td><\/tr><tr><td>Jun-97<\/td><td>International Theatre Festival in Amsterdam, Netherlands<\/td><td>By invitation to perform\u00a0Anne Frank at the Festival<\/td><td>B\u00e1let Kontemporaneo di K\u00f3rsou and professional dancers<\/td><td>D&amp;M and ITS<\/td><td>Theatres in Amsterdam, Netherlands<\/td><\/tr><tr><td>Oct-96<\/td><td>Traveling Art Exposition Holocaust<\/td><td>Dancetheatre Performance titled: Anne Frank<\/td><td>B\u00e1let Kontemporaneo di K\u00f3rsou and professional dancers<\/td><td>D&amp;M, MCB<\/td><td>World Trade Centre, Cura\u00e7ao<\/td><\/tr><tr><td>Jul-96<\/td><td>Dance workshops for professionnals<\/td><td>Workshops for professional dancers and danceteachers<\/td><td>Dance teachers and professional dancers<\/td><td>Dance and More Foundation<\/td><td>Fina Dance Art School<\/td><\/tr><tr><td>Nov-88<\/td><td>Song &amp; Dance Integrated<\/td><td>Dance and Music performance<\/td><td>B\u00e1let Kontemporaneo di K\u00f3rsou and Youth Choir of Ramon Williams<\/td><td>Fidas &amp; Ramon Williams<\/td><td>Centro Pro Arte<\/td><\/tr><tr><td>Jan-86<\/td><td>SURVIVAL<\/td><td>Music &amp; Dance performance at Medical Congress in San Francisco, USA<\/td><td>Muscial band Survival and B\u00e1let Kontemporaneo di K\u00f3rsou<\/td><td>Survival Band &amp; B\u00e1let K\u00f3ntemporaneo di K\u00f3rsou<\/td><td>World Trade Centre in San Francisco, USA<\/td><\/tr><tr><td>Dec-85<\/td><td>SURVIVAL<\/td><td>Music &amp; Dance performance<\/td><td>Muscial band Survival and B\u00e1let Kontemporaneo di K\u00f3rsou<\/td><td>Survival Band &amp; B\u00e1let K\u00f3ntemporaneo di K\u00f3rsou<\/td><td>Theatre Centro Pro Arte<\/td><\/tr><\/tbody><\/table><\/div>\n\t\t\t\t\t\t\t<\/div>\n\t\t<\/div>\n\t\t\t\t\t\t<\/div>\n\t\t\t\t<\/div>\n\t\t\t\t\t<\/div>\n\t\t<\/div>\n\t\t\t\t\t<\/div>\n\t\t<\/section>\n\t\t\t\t<\/div>\n\t\t","protected":false},"excerpt":{"rendered":"<p>productions Fina Dance Art School, Simia Dance Company (former BKK) and Projects Musicals Performances Collaborations &#038; more Musicals Musicals YEAR NAME OF EVENT TYPE PARTICIPANTS 2005 Chabelita Musical, Papiamentu All&hellip;<\/p>\n","protected":false},"author":1,"featured_media":0,"parent":327,"menu_order":0,"comment_status":"closed","ping_status":"closed","template":"","meta":{"footnotes":""},"class_list":["post-461","page","type-page","status-publish","hentry"],"yoast_head":"<!-- This site is optimized with the Yoast SEO plugin v27.5 - https:\/\/yoast.com\/product\/yoast-seo-wordpress\/ -->\n<title>Productions - Dance and More Curacao<\/title>\n<meta name=\"robots\" content=\"index, follow, max-snippet:-1, max-image-preview:large, max-video-preview:-1\" \/>\n<link rel=\"canonical\" href=\"https:\/\/danceandmorecuracao.net\/site3\/about-us\/productions\/\" \/>\n<meta property=\"og:locale\" content=\"en_US\" \/>\n<meta property=\"og:type\" content=\"article\" \/>\n<meta property=\"og:title\" content=\"Productions - Dance and More Curacao\" \/>\n<meta property=\"og:description\" content=\"productions Fina Dance Art School, Simia Dance Company (former BKK) and Projects Musicals Performances Collaborations &#038; more Musicals Musicals YEAR NAME OF EVENT TYPE PARTICIPANTS 2005 Chabelita Musical, Papiamentu All&hellip;\" \/>\n<meta property=\"og:url\" content=\"https:\/\/danceandmorecuracao.net\/site3\/about-us\/productions\/\" \/>\n<meta property=\"og:site_name\" content=\"Dance and More Curacao\" \/>\n<meta property=\"article:modified_time\" content=\"2025-11-18T12:54:17+00:00\" \/>\n<meta name=\"twitter:card\" content=\"summary_large_image\" \/>\n<meta name=\"twitter:label1\" content=\"Est. reading time\" \/>\n\t<meta name=\"twitter:data1\" content=\"4 minutes\" \/>\n<script type=\"application\/ld+json\" class=\"yoast-schema-graph\">{\"@context\":\"https:\\\/\\\/schema.org\",\"@graph\":[{\"@type\":\"WebPage\",\"@id\":\"https:\\\/\\\/danceandmorecuracao.net\\\/site3\\\/about-us\\\/productions\\\/\",\"url\":\"https:\\\/\\\/danceandmorecuracao.net\\\/site3\\\/about-us\\\/productions\\\/\",\"name\":\"Productions - Dance and More Curacao\",\"isPartOf\":{\"@id\":\"https:\\\/\\\/danceandmorecuracao.net\\\/site3\\\/#website\"},\"datePublished\":\"2022-04-11T07:50:50+00:00\",\"dateModified\":\"2025-11-18T12:54:17+00:00\",\"breadcrumb\":{\"@id\":\"https:\\\/\\\/danceandmorecuracao.net\\\/site3\\\/about-us\\\/productions\\\/#breadcrumb\"},\"inLanguage\":\"en-US\",\"potentialAction\":[{\"@type\":\"ReadAction\",\"target\":[\"https:\\\/\\\/danceandmorecuracao.net\\\/site3\\\/about-us\\\/productions\\\/\"]}]},{\"@type\":\"BreadcrumbList\",\"@id\":\"https:\\\/\\\/danceandmorecuracao.net\\\/site3\\\/about-us\\\/productions\\\/#breadcrumb\",\"itemListElement\":[{\"@type\":\"ListItem\",\"position\":1,\"name\":\"Home\",\"item\":\"https:\\\/\\\/danceandmorecuracao.net\\\/site3\\\/\"},{\"@type\":\"ListItem\",\"position\":2,\"name\":\"About us\",\"item\":\"https:\\\/\\\/danceandmorecuracao.net\\\/site3\\\/about-us\\\/\"},{\"@type\":\"ListItem\",\"position\":3,\"name\":\"Productions\"}]},{\"@type\":\"WebSite\",\"@id\":\"https:\\\/\\\/danceandmorecuracao.net\\\/site3\\\/#website\",\"url\":\"https:\\\/\\\/danceandmorecuracao.net\\\/site3\\\/\",\"name\":\"Dance and More Curacao\",\"description\":\"Dance School &amp; Academy\",\"publisher\":{\"@id\":\"https:\\\/\\\/danceandmorecuracao.net\\\/site3\\\/#organization\"},\"potentialAction\":[{\"@type\":\"SearchAction\",\"target\":{\"@type\":\"EntryPoint\",\"urlTemplate\":\"https:\\\/\\\/danceandmorecuracao.net\\\/site3\\\/?s={search_term_string}\"},\"query-input\":{\"@type\":\"PropertyValueSpecification\",\"valueRequired\":true,\"valueName\":\"search_term_string\"}}],\"inLanguage\":\"en-US\"},{\"@type\":\"Organization\",\"@id\":\"https:\\\/\\\/danceandmorecuracao.net\\\/site3\\\/#organization\",\"name\":\"Dance and More Curacao\",\"url\":\"https:\\\/\\\/danceandmorecuracao.net\\\/site3\\\/\",\"logo\":{\"@type\":\"ImageObject\",\"inLanguage\":\"en-US\",\"@id\":\"https:\\\/\\\/danceandmorecuracao.net\\\/site3\\\/#\\\/schema\\\/logo\\\/image\\\/\",\"url\":\"https:\\\/\\\/danceandmorecuracao.net\\\/site3\\\/wp-content\\\/uploads\\\/2022\\\/03\\\/cropped-2023-Logo-DAM_Horizontal-40.png\",\"contentUrl\":\"https:\\\/\\\/danceandmorecuracao.net\\\/site3\\\/wp-content\\\/uploads\\\/2022\\\/03\\\/cropped-2023-Logo-DAM_Horizontal-40.png\",\"width\":1209,\"height\":406,\"caption\":\"Dance and More Curacao\"},\"image\":{\"@id\":\"https:\\\/\\\/danceandmorecuracao.net\\\/site3\\\/#\\\/schema\\\/logo\\\/image\\\/\"}}]}<\/script>\n<!-- \/ Yoast SEO plugin. -->","yoast_head_json":{"title":"Productions - Dance and More Curacao","robots":{"index":"index","follow":"follow","max-snippet":"max-snippet:-1","max-image-preview":"max-image-preview:large","max-video-preview":"max-video-preview:-1"},"canonical":"https:\/\/danceandmorecuracao.net\/site3\/about-us\/productions\/","og_locale":"en_US","og_type":"article","og_title":"Productions - Dance and More Curacao","og_description":"productions Fina Dance Art School, Simia Dance Company (former BKK) and Projects Musicals Performances Collaborations &#038; more Musicals Musicals YEAR NAME OF EVENT TYPE PARTICIPANTS 2005 Chabelita Musical, Papiamentu All&hellip;","og_url":"https:\/\/danceandmorecuracao.net\/site3\/about-us\/productions\/","og_site_name":"Dance and More Curacao","article_modified_time":"2025-11-18T12:54:17+00:00","twitter_card":"summary_large_image","twitter_misc":{"Est. reading time":"4 minutes"},"schema":{"@context":"https:\/\/schema.org","@graph":[{"@type":"WebPage","@id":"https:\/\/danceandmorecuracao.net\/site3\/about-us\/productions\/","url":"https:\/\/danceandmorecuracao.net\/site3\/about-us\/productions\/","name":"Productions - Dance and More Curacao","isPartOf":{"@id":"https:\/\/danceandmorecuracao.net\/site3\/#website"},"datePublished":"2022-04-11T07:50:50+00:00","dateModified":"2025-11-18T12:54:17+00:00","breadcrumb":{"@id":"https:\/\/danceandmorecuracao.net\/site3\/about-us\/productions\/#breadcrumb"},"inLanguage":"en-US","potentialAction":[{"@type":"ReadAction","target":["https:\/\/danceandmorecuracao.net\/site3\/about-us\/productions\/"]}]},{"@type":"BreadcrumbList","@id":"https:\/\/danceandmorecuracao.net\/site3\/about-us\/productions\/#breadcrumb","itemListElement":[{"@type":"ListItem","position":1,"name":"Home","item":"https:\/\/danceandmorecuracao.net\/site3\/"},{"@type":"ListItem","position":2,"name":"About us","item":"https:\/\/danceandmorecuracao.net\/site3\/about-us\/"},{"@type":"ListItem","position":3,"name":"Productions"}]},{"@type":"WebSite","@id":"https:\/\/danceandmorecuracao.net\/site3\/#website","url":"https:\/\/danceandmorecuracao.net\/site3\/","name":"Dance and More Curacao","description":"Dance School &amp; Academy","publisher":{"@id":"https:\/\/danceandmorecuracao.net\/site3\/#organization"},"potentialAction":[{"@type":"SearchAction","target":{"@type":"EntryPoint","urlTemplate":"https:\/\/danceandmorecuracao.net\/site3\/?s={search_term_string}"},"query-input":{"@type":"PropertyValueSpecification","valueRequired":true,"valueName":"search_term_string"}}],"inLanguage":"en-US"},{"@type":"Organization","@id":"https:\/\/danceandmorecuracao.net\/site3\/#organization","name":"Dance and More Curacao","url":"https:\/\/danceandmorecuracao.net\/site3\/","logo":{"@type":"ImageObject","inLanguage":"en-US","@id":"https:\/\/danceandmorecuracao.net\/site3\/#\/schema\/logo\/image\/","url":"https:\/\/danceandmorecuracao.net\/site3\/wp-content\/uploads\/2022\/03\/cropped-2023-Logo-DAM_Horizontal-40.png","contentUrl":"https:\/\/danceandmorecuracao.net\/site3\/wp-content\/uploads\/2022\/03\/cropped-2023-Logo-DAM_Horizontal-40.png","width":1209,"height":406,"caption":"Dance and More Curacao"},"image":{"@id":"https:\/\/danceandmorecuracao.net\/site3\/#\/schema\/logo\/image\/"}}]}},"_links":{"self":[{"href":"https:\/\/danceandmorecuracao.net\/site3\/wp-json\/wp\/v2\/pages\/461","targetHints":{"allow":["GET"]}}],"collection":[{"href":"https:\/\/danceandmorecuracao.net\/site3\/wp-json\/wp\/v2\/pages"}],"about":[{"href":"https:\/\/danceandmorecuracao.net\/site3\/wp-json\/wp\/v2\/types\/page"}],"author":[{"embeddable":true,"href":"https:\/\/danceandmorecuracao.net\/site3\/wp-json\/wp\/v2\/users\/1"}],"replies":[{"embeddable":true,"href":"https:\/\/danceandmorecuracao.net\/site3\/wp-json\/wp\/v2\/comments?post=461"}],"version-history":[{"count":52,"href":"https:\/\/danceandmorecuracao.net\/site3\/wp-json\/wp\/v2\/pages\/461\/revisions"}],"predecessor-version":[{"id":1084,"href":"https:\/\/danceandmorecuracao.net\/site3\/wp-json\/wp\/v2\/pages\/461\/revisions\/1084"}],"up":[{"embeddable":true,"href":"https:\/\/danceandmorecuracao.net\/site3\/wp-json\/wp\/v2\/pages\/327"}],"wp:attachment":[{"href":"https:\/\/danceandmorecuracao.net\/site3\/wp-json\/wp\/v2\/media?parent=461"}],"curies":[{"name":"wp","href":"https:\/\/api.w.org\/{rel}","templated":true}]}}